{"id":241,"date":"2015-12-14T13:20:18","date_gmt":"2015-12-14T13:20:18","guid":{"rendered":"http:\/\/kloe.select-themes.com\/?page_id=241"},"modified":"2021-05-23T10:39:25","modified_gmt":"2021-05-23T10:39:25","slug":"about-us","status":"publish","type":"page","link":"https:\/\/www.meta-tex.hu\/hu\/about-us\/","title":{"rendered":"R\u00f3lunk"},"content":{"rendered":"<div class=\"wpb-content-wrapper\"><p>[vc_row content_width=&#8221;grid&#8221; css=&#8221;.vc_custom_1452530243240{background-color: #f0eeee !important;}&#8221;][vc_column offset=&#8221;vc_col-lg-6 vc_col-md-12&#8243;][vc_single_image image=&#8221;2826&#8243; img_size=&#8221;full&#8221;][\/vc_column][vc_column offset=&#8221;vc_col-lg-6 vc_col-md-12&#8243;][vc_empty_space height=&#8221;76px&#8221;]<div class=\"qodef-animations-holder qodef-element-from-bottom\" data-animation=\"qodef-element-from-bottom\">\n\t<div style=\"animation-duration: 500ms;-webkit-animation-duration: 500ms;-moz-animation-duration: 500ms\">\n\t\t[vc_column_text]<\/p>\n<h2>A Meta-Tex t\u00f6rt\u00e9nete<\/h2>\n<p>[\/vc_column_text][vc_empty_space height=&#8221;15px&#8221;][vc_column_text]Gyakorlat teszi a mestert. C\u00e9g\u00fcnk 1985-ben j\u00f6tt l\u00e9tre, csal\u00e1di v\u00e1llalkoz\u00e1sk\u00e9nt, t\u00f6bb \u00e9vtizedes textilipari azon bel\u00fcl k\u00f6t\u00f6tt\u00e1ru-ipari tapasztalattal. Magyar \u00fczem\u00fcnkben folyamatosan \u00e9p\u00edtett\u00fck c\u00e9g\u00fcnket, m\u00edg m\u00e1ra az ipar\u00e1g egyik legnagyobb, legismertebb, leghosszabb ideje m\u0171k\u00f6d\u0151 v\u00e1llalat\u00e1v\u00e1 n\u0151tt\u00fck ki magunkat.<\/p>\n<p>&nbsp;<\/p>\n<p>A Meta-Tex International \u00e1ltal gy\u00e1rtott k\u00f6t\u00f6tt\u00e1ru a vil\u00e1g t\u00f6bb r\u00e9sz\u00e9n jelen vannak, \u00fagy mint Ausztri\u00e1ba, Ausztr\u00e1li\u00e1ba, Belgiumba, Franciaorsz\u00e1gba, Hollandi\u00e1ba, Magyarorsz\u00e1gon, N\u00e9metorsz\u00e1gba, Olaszorsz\u00e1gba, Sv\u00e9dorsz\u00e1gba. Ezekben az orsz\u00e1gokban term\u00e9keink megtal\u00e1lhat\u00f3ak nemzetk\u00f6zi divath\u00e1zak, nagykeresked\u00e9sek \u00e9s kiskeresked\u00e9sekben. \u00a0Alkalmazottaink, valamint technol\u00f3gi\u00e1nk folyamatos fejleszt\u00e9s\u00e9nek k\u00f6sz\u00f6nhet\u0151en a Meta-Tex International\u00a0k\u00f6t\u00f6tt\u00e1ru mindig is messze fel\u00fclm\u00falta vev\u0151i elv\u00e1r\u00e1sait, ezzel folyamatosan b\u0151v\u00edtve \u00fcgyf\u00e9l k\u00f6r\u00e9t.[\/vc_column_text]\t<\/div>\n\n<\/div>[vc_empty_space height=&#8221;50px&#8221;][\/vc_column][\/vc_row][vc_row content_width=&#8221;grid&#8221; css=&#8221;.vc_custom_1539515312840{background-color: #fffcfc !important;}&#8221;][vc_column offset=&#8221;vc_col-lg-6 vc_col-md-12&#8243;][vc_empty_space height=&#8221;76px&#8221;]<div class=\"qodef-animations-holder qodef-element-from-bottom\" data-animation=\"qodef-element-from-bottom\">\n\t<div style=\"animation-duration: 500ms;-webkit-animation-duration: 500ms;-moz-animation-duration: 500ms\">\n\t\t[vc_column_text]<\/p>\n<h2>Szak\u00e9rtelm\u00fcnk<\/h2>\n<p>[\/vc_column_text][vc_empty_space height=&#8221;15px&#8221;][vc_column_text]K\u00f6t\u00f6tt\u00e1ru portfoli\u00f3 k\u00edn\u00e1latunkban megtal\u00e1lja a gyermekruh\u00e1zati, n\u0151i- \u00e9s f\u00e9rfi ruh\u00e1zati, egyenruha term\u00e9keket, kieg\u00e9sz\u00edt\u0151ket \u00e9s lak\u00e1sfelszerel\u00e9si term\u00e9keket egyar\u00e1nt. Tapasztalatunk \u00e9s tud\u00e1sunk \u00e1ltal k\u00e9pesek vagyunk megfelelni \u00fcgyfeleinknek \u00e9s az \u00e1lland\u00f3an n\u00f6vekv\u0151 piaci elv\u00e1r\u00e1soknak. Kiemelked\u0151 min\u0151s\u00e9g\u0171 francia, n\u00e9met, olasz \u00e9s spanyol fonalaink haszn\u00e1lata pedig hozz\u00e1j\u00e1rul ahhoz, hogy az \u00d6n \u00e1ltal megtervezett term\u00e9kek sikeresek lesznek a piacon.<\/p>\n<p>&nbsp;<\/p>\n<p>Mind m\u0171k\u00f6d\u0151, mind pedig indul\u00f3 v\u00e1llalkoz\u00e1soknak rendelkez\u00e9sre \u00e1llunk, egyed\u00fcl\u00e1ll\u00f3 rugalmass\u00e1got k\u00edn\u00e1lva. R\u00f6vid sz\u00e1llit\u00e1si hat\u00e1rid\u0151nk biztos\u00edtja az \u00e1ru lehets\u00e9ges legr\u00f6videbb piacra ker\u00fcl\u00e9s\u00e9t, ezzel hat\u00e1rozott versenyel\u0151nyt biztos\u00edtva \u00d6nnek. C\u00e9lunk hossz\u00fat\u00e1v\u00fa partner viszony kialak\u00edt\u00e1sa, ahol k\u00f6z\u00f6sen hozzuk l\u00e9tre rendkiv\u00fcli k\u00f6t\u00f6tt\u00e1rukat: ahol az \u00d6n egyed\u00fcl\u00e1ll\u00f3 \u00f6tlete a mi hib\u00e1tlan kivitelez\u00e9s\u00fcnkkel tal\u00e1lkozik.[\/vc_column_text]\t<\/div>\n\n<\/div>[vc_empty_space height=&#8221;50px&#8221;][\/vc_column][vc_column offset=&#8221;vc_col-lg-6 vc_col-md-12&#8243;][vc_empty_space height=&#8221;76px&#8221;]<div class=\"qodef-animations-holder qodef-element-from-bottom\" data-animation=\"qodef-element-from-bottom\">\n\t<div style=\"animation-duration: 500ms;-webkit-animation-duration: 500ms;-moz-animation-duration: 500ms\">\n\t\t[vc_column_text]<\/p>\n<h2>Amit aj\u00e1nlani tudunk:<\/h2>\n<p>[\/vc_column_text][vc_empty_space height=&#8221;15px&#8221;][vc_column_text]<\/p>\n<ul>\n<li>Sz\u00e9les k\u00f6r\u0171 K\u00f6t\u00e9si kapacit\u00e1sunkat aj\u00e1nljuk SHIMA SEIKI 3GG, 5GG, 8GG, 10GG \u00e9s 12GG finoms\u00e1g\u00fa sikk\u00f6t\u0151g\u00e9peken<\/li>\n<li>K\u00f6t\u00f6tt\u00e1ru b\u00e9rmunka gy\u00e1rt\u00e1s vagy teljes gy\u00e1rt\u00e1s<\/li>\n<li>Megfelel\u0151 alapanyag kiv\u00e1laszt\u00e1sa<\/li>\n<li>A sz\u00fcks\u00e9ges k\u00f6t\u00f6tt\u00e1ru programok el\u0151k\u00e9sz\u00edt\u00e9se \u00e9s konfigur\u00e1l\u00e1sa;<\/li>\n<li>Mint\u00e1k gy\u00e1rt\u00e1si folyamata: gy\u00e1rt\u00e1s el\u0151tti mint\u00e1k, fot\u00f3 mint\u00e1k, \u00e9rt\u00e9kesit\u00e9si mint\u00e1k, \u00e9s gy\u00e1rt\u00e1si mint\u00e1k<\/li>\n<li>K\u00f6t\u00f6tt term\u00e9kek k\u00f6t\u00e9se \u00e9s konfekcion\u00e1l\u00e1sa, amely megfelel elv\u00e1r\u00e1sainak<\/li>\n<li>Csomagol\u00e1s, logisztika \u00e9s sz\u00e1ll\u00edt\u00e1s, melynek seg\u00edts\u00e9g\u00e9vel term\u00e9ke pontosan oda \u00e9s akkor jut el, ahova \u00e9s amikor kell.<\/li>\n<\/ul>\n<p>[\/vc_column_text]\t<\/div>\n\n<\/div>[vc_empty_space height=&#8221;50px&#8221;][\/vc_column][\/vc_row][vc_row content_width=&#8221;grid&#8221; content_aligment=&#8221;center&#8221;][vc_column][vc_column_text]<\/p>\n<h2>C\u00c9GBEMUTAT\u00d3 VIDE\u00d3<\/h2>\n<div style=\"width: 1060px;\" class=\"wp-video\"><!--[if lt IE 9]><script>document.createElement('video');<\/script><![endif]-->\n<video class=\"wp-video-shortcode\" id=\"video-241-1\" width=\"1060\" height=\"596\" preload=\"metadata\" controls=\"controls\"><source type=\"video\/mp4\" src=\"https:\/\/www.meta-tex.hu\/new\/wp-content\/uploads\/2018\/10\/kotogyar.mp4?_=1\" \/><a href=\"https:\/\/www.meta-tex.hu\/new\/wp-content\/uploads\/2018\/10\/kotogyar.mp4\">https:\/\/www.meta-tex.hu\/new\/wp-content\/uploads\/2018\/10\/kotogyar.mp4<\/a><\/video><\/div>\n<p>[\/vc_column_text][\/vc_column][\/vc_row]<\/p>\n<\/div>","protected":false},"excerpt":{"rendered":"<p>[vc_row content_width=&#8221;grid&#8221; css=&#8221;.vc_custom_1452530243240{background-color: #f0eeee !important;}&#8221;][vc_column offset=&#8221;vc_col-lg-6 vc_col-md-12&#8243;][vc_single_image image=&#8221;2826&#8243; img_size=&#8221;full&#8221;][\/vc_column][vc_column offset=&#8221;vc_col-lg-6 vc_col-md-12&#8243;][vc_empty_space height=&#8221;76px&#8221;][vc_empty_space height=&#8221;50px&#8221;][\/vc_column][\/vc_row][vc_row content_width=&#8221;grid&#8221; css=&#8221;.vc_custom_1539515312840{background-color: #fffcfc !important;}&#8221;][vc_column offset=&#8221;vc_col-lg-6 vc_col-md-12&#8243;][vc_empty_space height=&#8221;76px&#8221;][vc_empty_space height=&#8221;50px&#8221;][\/vc_column][vc_column offset=&#8221;vc_col-lg-6 vc_col-md-12&#8243;][vc_empty_space height=&#8221;76px&#8221;][vc_empty_space height=&#8221;50px&#8221;][\/vc_column][\/vc_row][vc_row content_width=&#8221;grid&#8221; content_aligment=&#8221;center&#8221;][vc_column][vc_column_text] C\u00c9GBEMUTAT\u00d3 VIDE\u00d3 [\/vc_column_text][\/vc_column][\/vc_row]<\/p>\n","protected":false},"author":1,"featured_media":0,"parent":0,"menu_order":0,"comment_status":"closed","ping_status":"closed","template":"full-width.php","meta":{"footnotes":""},"class_list":["post-241","page","type-page","status-publish","hentry"],"_links":{"self":[{"href":"https:\/\/www.meta-tex.hu\/hu\/wp-json\/wp\/v2\/pages\/241"}],"collection":[{"href":"https:\/\/www.meta-tex.hu\/hu\/wp-json\/wp\/v2\/pages"}],"about":[{"href":"https:\/\/www.meta-tex.hu\/hu\/wp-json\/wp\/v2\/types\/page"}],"author":[{"embeddable":true,"href":"https:\/\/www.meta-tex.hu\/hu\/wp-json\/wp\/v2\/users\/1"}],"replies":[{"embeddable":true,"href":"https:\/\/www.meta-tex.hu\/hu\/wp-json\/wp\/v2\/comments?post=241"}],"version-history":[{"count":27,"href":"https:\/\/www.meta-tex.hu\/hu\/wp-json\/wp\/v2\/pages\/241\/revisions"}],"predecessor-version":[{"id":4305,"href":"https:\/\/www.meta-tex.hu\/hu\/wp-json\/wp\/v2\/pages\/241\/revisions\/4305"}],"wp:attachment":[{"href":"https:\/\/www.meta-tex.hu\/hu\/wp-json\/wp\/v2\/media?parent=241"}],"curies":[{"name":"wp","href":"https:\/\/api.w.org\/{rel}","templated":true}]}}